{"id":5710,"date":"2025-06-15T15:01:53","date_gmt":"2025-06-15T13:01:53","guid":{"rendered":"https:\/\/www.letmetales.com\/?page_id=5710"},"modified":"2025-06-15T15:04:40","modified_gmt":"2025-06-15T13:04:40","slug":"christabel-birondou-2","status":"publish","type":"page","link":"https:\/\/www.letmetales.com\/index.php\/christabel-birondou-2\/","title":{"rendered":"Christabel Birondou"},"content":{"rendered":"\t\t<div data-elementor-type=\"wp-page\" data-elementor-id=\"5710\" class=\"elementor elementor-5710\">\n\t\t\t\t<div class=\"elementor-element elementor-element-7dc83496 e-flex e-con-boxed e-con e-parent\" data-id=\"7dc83496\" data-element_type=\"container\">\n\t\t\t\t\t<div class=\"e-con-inner\">\n\t\t\t\t<div class=\"elementor-element elementor-element-6790b07d elementor-widget elementor-widget-text-editor\" data-id=\"6790b07d\" data-element_type=\"widget\" data-widget_type=\"text-editor.default\">\n\t\t\t\t<div class=\"elementor-widget-container\">\n\t\t\t\t\t\t\t\t\t\n<p>Christabel Birondou est consultante en strat\u00e9gie culturelle et influence. Elle est la fondatrice de <a href=\"http:\/\/www.letmetales.com\/a-propos-let-me-tales\/\">Let Me Tales<\/a>, un laboratoire narratif strat\u00e9gique d\u00e9di\u00e9 \u00e0 la diplomatie culturelle, \u00e0 la valorisation des savoir-faire et \u00e0 la transformation des imaginaires \u00e0 travers le raffinement.<\/p>\n\n\n\n<p>Dipl\u00f4m\u00e9e d\u2019un Master of Science en Management des Institutions et des Affaires Publiques (<a href=\"https:\/\/www.heip.fr\/\">HEIP<\/a> \u2013 Paris), elle d\u00e9veloppe une expertise transversale en narration strat\u00e9gique, politiques culturelles et structuration des industries cr\u00e9atives. Elle est \u00e9galement form\u00e9e en <a href=\"https:\/\/www.ecole-conte.com\/formations\/mastere-manager-de-la-strategie-marketing-luxe-et-mode\/\">Management du Luxe et de la Mode<\/a>, ainsi qu\u2019en Langues \u00c9trang\u00e8res Appliqu\u00e9es. Son parcours articule rigueur institutionnelle, sens politique et finesse \u00e9ditoriale.<\/p>\n\n\n\n<p>Elle a travaill\u00e9 au sein de grandes maisons du secteur du luxe. Parmi ses missions, elle a pilot\u00e9 des projets \u00e9ditoriaux \u00e0 rayonnement international, avant de se sp\u00e9cialiser dans les liens entre cr\u00e9ation, repr\u00e9sentation et souverainet\u00e9 culturelle.<\/p>\n\n\n\n<p>Son engagement repose sur une conviction fondatrice&nbsp;:<br><em>\u00ab La culture ne rel\u00e8ve pas de l\u2019accessoire. Elle structure les repr\u00e9sentations, oriente les politiques et fa\u00e7onne les \u00e9quilibres symboliques. \u00bb<\/em><\/p>\n\n\n\n<p>\u00c0 travers Let Me Tales, Christabel Birondou con\u00e7oit et d\u00e9ploie des outils de plaidoyer et d\u2019influence visant \u00e0 repositionner les industries cr\u00e9atives des pays du Sud comme leviers de d\u00e9veloppement durable, de transmission patrimoniale et de diplomatie culturelle. Son objectif&nbsp;: cr\u00e9er un pont strat\u00e9gique entre les acteurs de la cr\u00e9ation et les sph\u00e8res de d\u00e9cision publique, en proposant des r\u00e9ponses concr\u00e8tes \u00e0 un \u00e9cosyst\u00e8me encore fragment\u00e9.<\/p>\n\n\n\n<p>Elle se positionne comme une voix de synth\u00e8se entre m\u00e9moire et strat\u00e9gie, capable de d\u00e9fendre les r\u00e9cits, les savoir-faire et les patrimoines invisibilis\u00e9s aupr\u00e8s des institutions nationales et internationales.<\/p>\n\n\n\n<h4 class=\"wp-block-heading\"><strong>Ses convictions<\/strong><\/h4>\n\n\n\n<p>\u2013 Les r\u00e9cits fa\u00e7onnent les repr\u00e9sentations et orientent les politiques<br>\u2013 Le raffinement est un langage strat\u00e9gique, porteur de m\u00e9moire et de puissance douce<br>\u2013 Le Sud a besoin d\u2019alliances entre savoir-faire, narration et diplomatie symbolique<\/p>\n\n\n\n<h4 class=\"wp-block-heading\"><strong>Domaines d\u2019intervention de Christabel Birondou<\/strong><\/h4>\n\n\n\n<p>Coop\u00e9ration internationale et politiques culturelles<\/p>\n\n\n\n<p>Strat\u00e9gie de communication publique et culturelle<\/p>\n\n\n\n<p>Conseil \u00e9ditorial et narration strat\u00e9gique<\/p>\n\n\n\n<p>Diplomatie d\u2019influence et plaidoyer pour les Industries Culturelles et Cr\u00e9atives<\/p>\n\n\n\n<p>Structuration des industries cr\u00e9atives dans les pays du Sud global<\/p>\n\t\t\t\t\t\t\t\t<\/div>\n\t\t\t\t<\/div>\n\t\t\t\t\t<\/div>\n\t\t\t\t<\/div>\n\t\t<div class=\"elementor-element elementor-element-48dee1b e-flex e-con-boxed e-con e-parent\" data-id=\"48dee1b\" data-element_type=\"container\">\n\t\t\t\t\t<div class=\"e-con-inner\">\n\t\t\t\t<div class=\"elementor-element elementor-element-4d02257 elementor-shape-rounded elementor-grid-0 e-grid-align-center elementor-widget elementor-widget-social-icons\" data-id=\"4d02257\" data-element_type=\"widget\" data-widget_type=\"social-icons.default\">\n\t\t\t\t<div class=\"elementor-widget-container\">\n\t\t\t\t\t\t\t<div class=\"elementor-social-icons-wrapper elementor-grid\">\n\t\t\t\t\t\t\t<span class=\"elementor-grid-item\">\n\t\t\t\t\t<a class=\"elementor-icon elementor-social-icon elementor-social-icon-linkedin elementor-repeater-item-edbabde\" href=\"http:\/\/Profil%20LinkedIn%20de%20Christabel\" target=\"_blank\">\n\t\t\t\t\t\t<span class=\"elementor-screen-only\">Linkedin<\/span>\n\t\t\t\t\t\t<svg class=\"e-font-icon-svg e-fab-linkedin\" viewBox=\"0 0 448 512\" xmlns=\"http:\/\/www.w3.org\/2000\/svg\"><path d=\"M416 32H31.9C14.3 32 0 46.5 0 64.3v383.4C0 465.5 14.3 480 31.9 480H416c17.6 0 32-14.5 32-32.3V64.3c0-17.8-14.4-32.3-32-32.3zM135.4 416H69V202.2h66.5V416zm-33.2-243c-21.3 0-38.5-17.3-38.5-38.5S80.9 96 102.2 96c21.2 0 38.5 17.3 38.5 38.5 0 21.3-17.2 38.5-38.5 38.5zm282.1 243h-66.4V312c0-24.8-.5-56.7-34.5-56.7-34.6 0-39.9 27-39.9 54.9V416h-66.4V202.2h63.7v29.2h.9c8.9-16.8 30.6-34.5 62.9-34.5 67.2 0 79.7 44.3 79.7 101.9V416z\"><\/path><\/svg>\t\t\t\t\t<\/a>\n\t\t\t\t<\/span>\n\t\t\t\t\t<\/div>\n\t\t\t\t\t\t<\/div>\n\t\t\t\t<\/div>\n\t\t\t\t\t<\/div>\n\t\t\t\t<\/div>\n\t\t\t\t<\/div>\n\t\t","protected":false},"excerpt":{"rendered":"<p>Christabel Birondou est consultante en strat\u00e9gie culturelle et influence. Elle est la fondatrice [&hellip;]<\/p>\n","protected":false},"author":1,"featured_media":5696,"parent":0,"menu_order":0,"comment_status":"closed","ping_status":"closed","template":"","meta":{"footnotes":""},"class_list":["post-5710","page","type-page","status-publish","has-post-thumbnail","hentry"],"yoast_head":"<!-- This site is optimized with the Yoast SEO plugin v25.6 - https:\/\/yoast.com\/wordpress\/plugins\/seo\/ -->\n<title>Christabel Birondou - Let Me Tales<\/title>\n<meta name=\"description\" content=\"Sp\u00e9cialiste du raffinement, Christabel Birondou articule r\u00e9cit et strat\u00e9gie pour activer des savoir-faire comme outils d\u2019influence.\" \/>\n<meta name=\"robots\" content=\"index, follow, max-snippet:-1, max-image-preview:large, max-video-preview:-1\" \/>\n<link rel=\"canonical\" href=\"https:\/\/www.letmetales.com\/index.php\/christabel-birondou-2\/\" \/>\n<meta property=\"og:locale\" content=\"fr_FR\" \/>\n<meta property=\"og:type\" content=\"article\" \/>\n<meta property=\"og:title\" content=\"Christabel Birondou - Let Me Tales\" \/>\n<meta property=\"og:description\" content=\"Sp\u00e9cialiste du raffinement, Christabel Birondou articule r\u00e9cit et strat\u00e9gie pour activer des savoir-faire comme outils d\u2019influence.\" \/>\n<meta property=\"og:url\" content=\"https:\/\/www.letmetales.com\/index.php\/christabel-birondou-2\/\" \/>\n<meta property=\"og:site_name\" content=\"Let Me Tales\" \/>\n<meta property=\"article:modified_time\" content=\"2025-06-15T13:04:40+00:00\" \/>\n<meta property=\"og:image\" content=\"https:\/\/www.letmetales.com\/wp-content\/uploads\/2025\/06\/Christabel-BIRONDOU.png\" \/>\n\t<meta property=\"og:image:width\" content=\"400\" \/>\n\t<meta property=\"og:image:height\" content=\"455\" \/>\n\t<meta property=\"og:image:type\" content=\"image\/png\" \/>\n<meta name=\"twitter:card\" content=\"summary_large_image\" \/>\n<meta name=\"twitter:label1\" content=\"Dur\u00e9e de lecture estim\u00e9e\" \/>\n\t<meta name=\"twitter:data1\" content=\"2 minutes\" \/>\n<script type=\"application\/ld+json\" class=\"yoast-schema-graph\">{\"@context\":\"https:\/\/schema.org\",\"@graph\":[{\"@type\":\"WebPage\",\"@id\":\"https:\/\/www.letmetales.com\/index.php\/christabel-birondou-2\/\",\"url\":\"https:\/\/www.letmetales.com\/index.php\/christabel-birondou-2\/\",\"name\":\"Christabel Birondou - Let Me Tales\",\"isPartOf\":{\"@id\":\"https:\/\/www.letmetales.com\/#website\"},\"primaryImageOfPage\":{\"@id\":\"https:\/\/www.letmetales.com\/index.php\/christabel-birondou-2\/#primaryimage\"},\"image\":{\"@id\":\"https:\/\/www.letmetales.com\/index.php\/christabel-birondou-2\/#primaryimage\"},\"thumbnailUrl\":\"https:\/\/www.letmetales.com\/wp-content\/uploads\/2025\/06\/Christabel-BIRONDOU.png\",\"datePublished\":\"2025-06-15T13:01:53+00:00\",\"dateModified\":\"2025-06-15T13:04:40+00:00\",\"description\":\"Sp\u00e9cialiste du raffinement, Christabel Birondou articule r\u00e9cit et strat\u00e9gie pour activer des savoir-faire comme outils d\u2019influence.\",\"breadcrumb\":{\"@id\":\"https:\/\/www.letmetales.com\/index.php\/christabel-birondou-2\/#breadcrumb\"},\"inLanguage\":\"fr-FR\",\"potentialAction\":[{\"@type\":\"ReadAction\",\"target\":[\"https:\/\/www.letmetales.com\/index.php\/christabel-birondou-2\/\"]}]},{\"@type\":\"ImageObject\",\"inLanguage\":\"fr-FR\",\"@id\":\"https:\/\/www.letmetales.com\/index.php\/christabel-birondou-2\/#primaryimage\",\"url\":\"https:\/\/www.letmetales.com\/wp-content\/uploads\/2025\/06\/Christabel-BIRONDOU.png\",\"contentUrl\":\"https:\/\/www.letmetales.com\/wp-content\/uploads\/2025\/06\/Christabel-BIRONDOU.png\",\"width\":400,\"height\":455,\"caption\":\"Christabel BIRONDOU\"},{\"@type\":\"BreadcrumbList\",\"@id\":\"https:\/\/www.letmetales.com\/index.php\/christabel-birondou-2\/#breadcrumb\",\"itemListElement\":[{\"@type\":\"ListItem\",\"position\":1,\"name\":\"Accueil\",\"item\":\"https:\/\/www.letmetales.com\/\"},{\"@type\":\"ListItem\",\"position\":2,\"name\":\"Christabel Birondou\"}]},{\"@type\":\"WebSite\",\"@id\":\"https:\/\/www.letmetales.com\/#website\",\"url\":\"https:\/\/www.letmetales.com\/\",\"name\":\"Let Me Tales\",\"description\":\"Influence Narrative Lab\",\"publisher\":{\"@id\":\"https:\/\/www.letmetales.com\/#organization\"},\"potentialAction\":[{\"@type\":\"SearchAction\",\"target\":{\"@type\":\"EntryPoint\",\"urlTemplate\":\"https:\/\/www.letmetales.com\/?s={search_term_string}\"},\"query-input\":{\"@type\":\"PropertyValueSpecification\",\"valueRequired\":true,\"valueName\":\"search_term_string\"}}],\"inLanguage\":\"fr-FR\"},{\"@type\":\"Organization\",\"@id\":\"https:\/\/www.letmetales.com\/#organization\",\"name\":\"Let Me Tales\",\"url\":\"https:\/\/www.letmetales.com\/\",\"logo\":{\"@type\":\"ImageObject\",\"inLanguage\":\"fr-FR\",\"@id\":\"https:\/\/www.letmetales.com\/#\/schema\/logo\/image\/\",\"url\":\"https:\/\/www.letmetales.com\/wp-content\/uploads\/2025\/05\/Let-Me-Tales-Logo.png\",\"contentUrl\":\"https:\/\/www.letmetales.com\/wp-content\/uploads\/2025\/05\/Let-Me-Tales-Logo.png\",\"width\":1000,\"height\":1000,\"caption\":\"Let Me Tales\"},\"image\":{\"@id\":\"https:\/\/www.letmetales.com\/#\/schema\/logo\/image\/\"}}]}<\/script>\n<!-- \/ Yoast SEO plugin. -->","yoast_head_json":{"title":"Christabel Birondou - Let Me Tales","description":"Sp\u00e9cialiste du raffinement, Christabel Birondou articule r\u00e9cit et strat\u00e9gie pour activer des savoir-faire comme outils d\u2019influence.","robots":{"index":"index","follow":"follow","max-snippet":"max-snippet:-1","max-image-preview":"max-image-preview:large","max-video-preview":"max-video-preview:-1"},"canonical":"https:\/\/www.letmetales.com\/index.php\/christabel-birondou-2\/","og_locale":"fr_FR","og_type":"article","og_title":"Christabel Birondou - Let Me Tales","og_description":"Sp\u00e9cialiste du raffinement, Christabel Birondou articule r\u00e9cit et strat\u00e9gie pour activer des savoir-faire comme outils d\u2019influence.","og_url":"https:\/\/www.letmetales.com\/index.php\/christabel-birondou-2\/","og_site_name":"Let Me Tales","article_modified_time":"2025-06-15T13:04:40+00:00","og_image":[{"width":400,"height":455,"url":"https:\/\/www.letmetales.com\/wp-content\/uploads\/2025\/06\/Christabel-BIRONDOU.png","type":"image\/png"}],"twitter_card":"summary_large_image","twitter_misc":{"Dur\u00e9e de lecture estim\u00e9e":"2 minutes"},"schema":{"@context":"https:\/\/schema.org","@graph":[{"@type":"WebPage","@id":"https:\/\/www.letmetales.com\/index.php\/christabel-birondou-2\/","url":"https:\/\/www.letmetales.com\/index.php\/christabel-birondou-2\/","name":"Christabel Birondou - Let Me Tales","isPartOf":{"@id":"https:\/\/www.letmetales.com\/#website"},"primaryImageOfPage":{"@id":"https:\/\/www.letmetales.com\/index.php\/christabel-birondou-2\/#primaryimage"},"image":{"@id":"https:\/\/www.letmetales.com\/index.php\/christabel-birondou-2\/#primaryimage"},"thumbnailUrl":"https:\/\/www.letmetales.com\/wp-content\/uploads\/2025\/06\/Christabel-BIRONDOU.png","datePublished":"2025-06-15T13:01:53+00:00","dateModified":"2025-06-15T13:04:40+00:00","description":"Sp\u00e9cialiste du raffinement, Christabel Birondou articule r\u00e9cit et strat\u00e9gie pour activer des savoir-faire comme outils d\u2019influence.","breadcrumb":{"@id":"https:\/\/www.letmetales.com\/index.php\/christabel-birondou-2\/#breadcrumb"},"inLanguage":"fr-FR","potentialAction":[{"@type":"ReadAction","target":["https:\/\/www.letmetales.com\/index.php\/christabel-birondou-2\/"]}]},{"@type":"ImageObject","inLanguage":"fr-FR","@id":"https:\/\/www.letmetales.com\/index.php\/christabel-birondou-2\/#primaryimage","url":"https:\/\/www.letmetales.com\/wp-content\/uploads\/2025\/06\/Christabel-BIRONDOU.png","contentUrl":"https:\/\/www.letmetales.com\/wp-content\/uploads\/2025\/06\/Christabel-BIRONDOU.png","width":400,"height":455,"caption":"Christabel BIRONDOU"},{"@type":"BreadcrumbList","@id":"https:\/\/www.letmetales.com\/index.php\/christabel-birondou-2\/#breadcrumb","itemListElement":[{"@type":"ListItem","position":1,"name":"Accueil","item":"https:\/\/www.letmetales.com\/"},{"@type":"ListItem","position":2,"name":"Christabel Birondou"}]},{"@type":"WebSite","@id":"https:\/\/www.letmetales.com\/#website","url":"https:\/\/www.letmetales.com\/","name":"Let Me Tales","description":"Influence Narrative Lab","publisher":{"@id":"https:\/\/www.letmetales.com\/#organization"},"potentialAction":[{"@type":"SearchAction","target":{"@type":"EntryPoint","urlTemplate":"https:\/\/www.letmetales.com\/?s={search_term_string}"},"query-input":{"@type":"PropertyValueSpecification","valueRequired":true,"valueName":"search_term_string"}}],"inLanguage":"fr-FR"},{"@type":"Organization","@id":"https:\/\/www.letmetales.com\/#organization","name":"Let Me Tales","url":"https:\/\/www.letmetales.com\/","logo":{"@type":"ImageObject","inLanguage":"fr-FR","@id":"https:\/\/www.letmetales.com\/#\/schema\/logo\/image\/","url":"https:\/\/www.letmetales.com\/wp-content\/uploads\/2025\/05\/Let-Me-Tales-Logo.png","contentUrl":"https:\/\/www.letmetales.com\/wp-content\/uploads\/2025\/05\/Let-Me-Tales-Logo.png","width":1000,"height":1000,"caption":"Let Me Tales"},"image":{"@id":"https:\/\/www.letmetales.com\/#\/schema\/logo\/image\/"}}]}},"_links":{"self":[{"href":"https:\/\/www.letmetales.com\/index.php\/wp-json\/wp\/v2\/pages\/5710","targetHints":{"allow":["GET"]}}],"collection":[{"href":"https:\/\/www.letmetales.com\/index.php\/wp-json\/wp\/v2\/pages"}],"about":[{"href":"https:\/\/www.letmetales.com\/index.php\/wp-json\/wp\/v2\/types\/page"}],"author":[{"embeddable":true,"href":"https:\/\/www.letmetales.com\/index.php\/wp-json\/wp\/v2\/users\/1"}],"replies":[{"embeddable":true,"href":"https:\/\/www.letmetales.com\/index.php\/wp-json\/wp\/v2\/comments?post=5710"}],"version-history":[{"count":4,"href":"https:\/\/www.letmetales.com\/index.php\/wp-json\/wp\/v2\/pages\/5710\/revisions"}],"predecessor-version":[{"id":5724,"href":"https:\/\/www.letmetales.com\/index.php\/wp-json\/wp\/v2\/pages\/5710\/revisions\/5724"}],"wp:featuredmedia":[{"embeddable":true,"href":"https:\/\/www.letmetales.com\/index.php\/wp-json\/wp\/v2\/media\/5696"}],"wp:attachment":[{"href":"https:\/\/www.letmetales.com\/index.php\/wp-json\/wp\/v2\/media?parent=5710"}],"curies":[{"name":"wp","href":"https:\/\/api.w.org\/{rel}","templated":true}]}}